{"id":3,"date":"2024-11-13T22:57:02","date_gmt":"2024-11-13T21:57:02","guid":{"rendered":"https:\/\/picaplats.com\/wordpress\/?page_id=3"},"modified":"2026-03-10T11:00:48","modified_gmt":"2026-03-10T10:00:48","slug":"politica-privacidad","status":"publish","type":"page","link":"https:\/\/picaplats.com\/?page_id=3","title":{"rendered":"Pol\u00edtica de privacitat"},"content":{"rendered":"\t\t<div data-elementor-type=\"wp-page\" data-elementor-id=\"3\" class=\"elementor elementor-3\" data-elementor-settings=\"{&quot;ha_cmc_init_switcher&quot;:&quot;no&quot;}\">\n\t\t\t\t\t\t<section class=\"elementor-section elementor-top-section elementor-element elementor-element-10297088 elementor-section-boxed elementor-section-height-default elementor-section-height-default\" data-id=\"10297088\" data-element_type=\"section\" data-e-type=\"section\" data-settings=\"{&quot;_ha_eqh_enable&quot;:false}\">\n\t\t\t\t\t\t<div class=\"elementor-container elementor-column-gap-default\">\n\t\t\t\t\t<div class=\"elementor-column elementor-col-100 elementor-top-column elementor-element elementor-element-4941fa89\" data-id=\"4941fa89\" data-element_type=\"column\" data-e-type=\"column\">\n\t\t\t<div class=\"elementor-widget-wrap elementor-element-populated\">\n\t\t\t\t\t\t<div class=\"elementor-element elementor-element-7cd8898 elementor-widget elementor-widget-text-editor\" data-id=\"7cd8898\" data-element_type=\"widget\" data-e-type=\"widget\" data-widget_type=\"text-editor.default\">\n\t\t\t\t<div class=\"elementor-widget-container\">\n\t\t\t\t\t\t\t\t\t\n<h2 class=\"wp-block-heading\">Pol\u00edtica de privacitat<\/h2>\n\n<div>\u00a0<\/div>\n<div class=\"paragraph\">\n<div class=\"paragraph\"><strong class=\"\">RESPONSABLE DEL TRACTAMENT<\/strong><\/div>\n<ul>\n<li>\n<div class=\"paragraph\"><strong>Identitat:<\/strong> IBERGESTION CONSTRUCCIONES Y OBRAS, SA<\/div>\n<\/li>\n<li>\n<div class=\"paragraph\"><strong>CIF:<\/strong> A50308055<\/div>\n<\/li>\n<li>\n<div class=\"paragraph\"><strong class=\"\">Adre\u00e7a postal:<\/strong> Carrer Balaguer 1, 08227 Terrassa, Barcelona<\/div>\n<\/li>\n<li>\n<div class=\"paragraph\"><strong>Correu electr\u00f2nic:<\/strong> <a href=\"mailto:reserva@picaplats.com\" target=\"_blank\" rel=\"noreferrer nofollow noopener\" data-v-7bd7ca31=\"\">reserva@picaplats.com<\/a><\/div>\n<\/li>\n<li>\n<div class=\"paragraph\"><strong class=\"\">Tel\u00e8fon:<\/strong> 93 788 36 36<\/div>\n<\/li>\n<\/ul>\n<div class=\"paragraph\"><strong class=\"\">DELEGAT DE PROTECCI\u00d3 DE DADES (DPD)<\/strong><\/div>\n<div class=\"paragraph\">No s&#8217;ha designat DPD al no ser obligatori segons l&#8217;article 37 del RGPD per a aquesta activitat.<\/div>\n<div class=\"paragraph\"><strong class=\"\">FINALITAT DEL TRACTAMENT<\/strong><\/div>\n<div class=\"paragraph\">A IBERGESTION CONSTRUCCIONES Y OBRAS, SA tractem la informaci\u00f3 que ens faciliten les persones interessades amb la finalitat de:<\/div>\n<ol start=\"1\">\n<li>\n<div class=\"paragraph\"><strong class=\"\">Gesti\u00f3 de reserves:<\/strong> Gestionar les reserves de taula sol\u00b7licitades a trav\u00e9s del formulari web, tel\u00e8fon o correu electr\u00f2nic.<\/div>\n<\/li>\n<li>\n<div class=\"paragraph\"><strong>Prestaci\u00f3 del servei:<\/strong> Atendre&#8217;l durant la seva visita al restaurant i prestar el servei contractat.<\/div>\n<\/li>\n<li>\n<div class=\"paragraph\"><strong>Comunicacions comercials:<\/strong> Enviar-li informaci\u00f3 sobre ofertes, esdeveniments especials i novetats del restaurant (nom\u00e9s amb el seu consentiment expl\u00edcit).<\/div>\n<\/li>\n<li>\n<div class=\"paragraph\"><strong class=\"\">Gesti\u00f3 d&#8217;incid\u00e8ncies:<\/strong> Atendre reclamacions, suggeriments o consultes.<\/div>\n<\/li>\n<li>\n<div class=\"paragraph\"><strong>Prevenci\u00f3 de duplicats:<\/strong> Verificar que no existeixin reserves duplicades en el sistema compartit amb altres restaurants que utilitzen el mateix software de reserves.<\/div>\n<\/li>\n<\/ol>\n<div class=\"paragraph\"><strong class=\"\">LEGITIMACI\u00d3 DEL TRACTAMENT<\/strong><\/div>\n<div class=\"paragraph\">La base legal per al tractament de les seves dades \u00e9s:<\/div>\n<ul>\n<li>\n<div class=\"paragraph\"><strong class=\"\">Execuci\u00f3 d&#8217;un contracte:<\/strong> Per a la gesti\u00f3 de la seva reserva i prestaci\u00f3 del servei.<\/div>\n<\/li>\n<li>\n<div class=\"paragraph\"><strong>Consentiment de l&#8217;interessat:<\/strong> Per a l&#8217;enviament de comunicacions comercials i promocionals.<\/div>\n<\/li>\n<li>\n<div class=\"paragraph\"><strong>Inter\u00e8s leg\u00edtim:<\/strong> Per a la prevenci\u00f3 de fraus i gesti\u00f3 d&#8217;incid\u00e8ncies.<\/div>\n<\/li>\n<li>\n<div class=\"paragraph\"><strong>Compliment d&#8217;obligacions legals:<\/strong> Respecte a facturaci\u00f3 i obligacions tribut\u00e0ries.<\/div>\n<\/li>\n<\/ul>\n<div class=\"paragraph\"><strong>CONSERVACI\u00d3 DE LES DADES<\/strong><\/div>\n<div class=\"paragraph\">Les dades personals proporcionades es conservaran:<\/div>\n<ul>\n<li>\n<div class=\"paragraph\"><strong>Dades de reserves:<\/strong> Durant el temps necessari per gestionar la reserva i prestaci\u00f3 del servei, i posteriorment durant els terminis legalment establerts per a possibles responsabilitats.<\/div>\n<\/li>\n<li>\n<div class=\"paragraph\"><strong class=\"\">Dades de facturaci\u00f3:<\/strong> 6 anys conforme al Codi de Comer\u00e7 espanyol.<\/div>\n<\/li>\n<li>\n<div class=\"paragraph\"><strong>Dades per a m\u00e0rqueting:<\/strong> Fins que sol\u00b7liciti la baixa o s&#8217;oposi al tractament.<\/div>\n<\/li>\n<\/ul>\n<div class=\"paragraph\"><strong>DESTINATARIS<\/strong><\/div>\n<div class=\"paragraph\">Les seves dades podran ser comunicades a:<\/div>\n<ul>\n<li>\n<div class=\"paragraph\"><strong class=\"\">Restaurant Booking &amp; Distribution Services S.L. (CoverManager):<\/strong> Per a la gesti\u00f3 t\u00e8cnica de les reserves, sota contracte d&#8217;enc\u00e0rrec de tractament.<\/div>\n<\/li>\n<li>\n<div class=\"paragraph\"><strong class=\"\">Altres empreses del grup o restaurants associats:<\/strong> \u00danicament per a la detecci\u00f3 de reserves duplicades en el sistema compartit.<\/div>\n<\/li>\n<li>\n<div class=\"paragraph\"><strong class=\"\">Administracions p\u00fabliques:<\/strong> Quan existeixi obligaci\u00f3 legal (Hisenda, Seguretat Social, etc.).<\/div>\n<\/li>\n<li>\n<div class=\"paragraph\"><strong>Prove\u00efdors de serveis:<\/strong> Empreses de manteniment inform\u00e0tic, hosting, etc., amb els quals existeixi contracte de confidencialitat.<\/div>\n<\/li>\n<\/ul>\n<div class=\"paragraph\">No es realitzen transfer\u00e8ncies internacionals de dades fora de l&#8217;Espai Econ\u00f2mic Europeu.<\/div>\n<div class=\"paragraph\"><strong>DRETS DELS INTERESSATS<\/strong><\/div>\n<div class=\"paragraph\">Qualsevol persona t\u00e9 dret a obtenir confirmaci\u00f3 sobre si a IBERGESTION CONSTRUCCIONES Y OBRAS, SA estem tractant dades personals que els concerneixin. Les persones interessades tenen dret a:<\/div>\n<ul>\n<li>\n<div class=\"paragraph\"><strong class=\"\">Accedir<\/strong> a les seves dades personals<\/div>\n<\/li>\n<li>\n<div class=\"paragraph\"><strong class=\"\">Sol\u00b7licitar la rectificaci\u00f3<\/strong> de les dades inexactes<\/div>\n<\/li>\n<li>\n<div class=\"paragraph\"><strong class=\"\">Sol\u00b7licitar la supressi\u00f3<\/strong> de les seves dades quan, entre altres motius, les dades ja no siguin necess\u00e0ries per a les finalitats que van ser recollides<\/div>\n<\/li>\n<li>\n<div class=\"paragraph\"><strong>Oposar-se<\/strong> al tractament de les seves dades<\/div>\n<\/li>\n<li>\n<div class=\"paragraph\"><strong>Sol\u00b7licitar la limitaci\u00f3<\/strong> del tractament de les seves dades<\/div>\n<\/li>\n<li>\n<div class=\"paragraph\"><strong>Sol\u00b7licitar la portabilitat<\/strong> de les dades<\/div>\n<\/li>\n<\/ul>\n<div class=\"paragraph\"><strong class=\"\">Exercici de drets:<\/strong> Pot exercir els seus drets enviant un correu electr\u00f2nic a <a href=\"mailto:reserva@picaplats.com\" target=\"_blank\" rel=\"noreferrer nofollow noopener\" data-v-7bd7ca31=\"\">reserva@picaplats.com<\/a> o per correu postal a Carrer Balaguer 1, 08227 Terrassa, Barcelona, adjuntant c\u00f2pia del seu DNI o document identificatiu equivalent.<\/div>\n<div class=\"paragraph\"><strong class=\"\">Dret a reclamar davant l&#8217;AEPD:<\/strong> Si considera que el tractament de les seves dades personals vulnera la normativa, t\u00e9 dret a presentar una reclamaci\u00f3 davant l&#8217;Ag\u00e8ncia Espanyola de Protecci\u00f3 de Dades (<a class=\"\" href=\"http:\/\/www.aepd.es\/\" target=\"_blank\" rel=\"noreferrer nofollow noopener\" data-v-7bd7ca31=\"\">www.aepd.es<\/a>).<\/div>\n<div class=\"paragraph\"><strong>DADES DE MENORS D&#8217;EDAT<\/strong><\/div>\n<div class=\"paragraph\">Els nostres serveis no estan dirigits a menors de 14 anys. No recaptem intencionadament dades personals de menors de 14 anys. Si detectem que hem recopilat dades d&#8217;un menor de 14 anys, eliminarem aquesta informaci\u00f3 immediatament.<\/div>\n<div class=\"paragraph\"><strong>MESURES DE SEGURETAT<\/strong><\/div>\n<div class=\"paragraph\">IBERGESTION CONSTRUCCIONES Y OBRAS, SA ha adoptat les mesures t\u00e8cniques i organitzatives necess\u00e0ries per garantir la seguretat de les dades de car\u00e0cter personal i evitar la seva alteraci\u00f3, p\u00e8rdua, tractament o acc\u00e9s no autoritzat, havent compte de l&#8217;estat de la tecnologia, la naturalesa de les dades emmagatzemades i els riscos a qu\u00e8 estan exposades.<\/div>\n<\/div>\t\t\t\t\t\t\t\t<\/div>\n\t\t\t\t<\/div>\n\t\t\t\t\t<\/div>\n\t\t<\/div>\n\t\t\t\t\t<\/div>\n\t\t<\/section>\n\t\t\t\t<\/div>\n\t\t","protected":false},"excerpt":{"rendered":"<p>Pol\u00edtica de privacitat \u00a0 RESPONSABLE DEL TRACTAMENT Identitat: IBERGESTION CONSTRUCCIONES Y OBRAS, SA CIF: A50308055 Adre\u00e7a postal: Carrer Balaguer 1, 08227 Terrassa, Barcelona Correu electr\u00f2nic: reserva@picaplats.com Tel\u00e8fon: 93 788 36 36 DELEGAT DE PROTECCI\u00d3 DE DADES (DPD) No s&#8217;ha designat DPD al no ser obligatori segons l&#8217;article 37 del RGPD per a aquesta activitat. FINALITAT&#8230;<\/p>\n","protected":false},"author":1,"featured_media":0,"parent":0,"menu_order":0,"comment_status":"closed","ping_status":"closed","template":"elementor_header_footer","meta":{"_kad_post_transparent":"","_kad_post_title":"","_kad_post_layout":"","_kad_post_sidebar_id":"","_kad_post_content_style":"","_kad_post_vertical_padding":"","_kad_post_feature":"","_kad_post_feature_position":"","_kad_post_header":false,"_kad_post_footer":false,"_kad_post_classname":"","footnotes":""},"class_list":["post-3","page","type-page","status-publish","hentry"],"_links":{"self":[{"href":"https:\/\/picaplats.com\/index.php?rest_route=\/wp\/v2\/pages\/3","targetHints":{"allow":["GET"]}}],"collection":[{"href":"https:\/\/picaplats.com\/index.php?rest_route=\/wp\/v2\/pages"}],"about":[{"href":"https:\/\/picaplats.com\/index.php?rest_route=\/wp\/v2\/types\/page"}],"author":[{"embeddable":true,"href":"https:\/\/picaplats.com\/index.php?rest_route=\/wp\/v2\/users\/1"}],"replies":[{"embeddable":true,"href":"https:\/\/picaplats.com\/index.php?rest_route=%2Fwp%2Fv2%2Fcomments&post=3"}],"version-history":[{"count":11,"href":"https:\/\/picaplats.com\/index.php?rest_route=\/wp\/v2\/pages\/3\/revisions"}],"predecessor-version":[{"id":1146,"href":"https:\/\/picaplats.com\/index.php?rest_route=\/wp\/v2\/pages\/3\/revisions\/1146"}],"wp:attachment":[{"href":"https:\/\/picaplats.com\/index.php?rest_route=%2Fwp%2Fv2%2Fmedia&parent=3"}],"curies":[{"name":"wp","href":"https:\/\/api.w.org\/{rel}","templated":true}]}}