{"id":1144,"date":"2026-03-11T09:43:23","date_gmt":"2026-03-11T08:43:23","guid":{"rendered":"https:\/\/picaplats.com\/?page_id=1144"},"modified":"2026-03-11T09:45:51","modified_gmt":"2026-03-11T08:45:51","slug":"politica-de-privacidad","status":"publish","type":"page","link":"https:\/\/picaplats.com\/?page_id=1144&lang=es","title":{"rendered":"Pol\u00edtica de privacidad"},"content":{"rendered":"\t\t<div data-elementor-type=\"wp-page\" data-elementor-id=\"1144\" class=\"elementor elementor-1144\" data-elementor-settings=\"{&quot;ha_cmc_init_switcher&quot;:&quot;no&quot;}\">\n\t\t\t\t\t\t<section class=\"elementor-section elementor-top-section elementor-element elementor-element-10297088 elementor-section-boxed elementor-section-height-default elementor-section-height-default\" data-id=\"10297088\" data-element_type=\"section\" data-e-type=\"section\" data-settings=\"{&quot;_ha_eqh_enable&quot;:false}\">\n\t\t\t\t\t\t<div class=\"elementor-container elementor-column-gap-default\">\n\t\t\t\t\t<div class=\"elementor-column elementor-col-100 elementor-top-column elementor-element elementor-element-4941fa89\" data-id=\"4941fa89\" data-element_type=\"column\" data-e-type=\"column\">\n\t\t\t<div class=\"elementor-widget-wrap elementor-element-populated\">\n\t\t\t\t\t\t<div class=\"elementor-element elementor-element-7cd8898 elementor-widget elementor-widget-text-editor\" data-id=\"7cd8898\" data-element_type=\"widget\" data-e-type=\"widget\" data-widget_type=\"text-editor.default\">\n\t\t\t\t<div class=\"elementor-widget-container\">\n\t\t\t\t\t\t\t\t\t\n<h2 class=\"wp-block-heading\">Pol\u00edtica de privacidad<\/h2>\n\n\n\n<div> <\/div>\n<div class=\"paragraph\">\n<div class=\"paragraph\"><strong class=\"\">RESPONSABLE DEL TRATAMIENTO<\/strong><\/div>\n<ul>\n<li>\n<div class=\"paragraph\"><strong>Identidad:<\/strong> IBERGESTION CONSTRUCCIONES Y OBRAS, SA<\/div>\n<\/li>\n<li>\n<div class=\"paragraph\"><strong>CIF:<\/strong> A50308055<\/div>\n<\/li>\n<li>\n<div class=\"paragraph\"><strong class=\"\">Direcci\u00f3n postal:<\/strong> Carrer Balaguer 1, 08227 Terrassa, Barcelona<\/div>\n<\/li>\n<li>\n<div class=\"paragraph\"><strong>Correo electr\u00f3nico:<\/strong> <a href=\"mailto:reserva@picaplats.com\" target=\"_blank\" rel=\"noreferrer nofollow noopener\" data-v-7bd7ca31=\"\">reserva@picaplats.com<\/a><\/div>\n<\/li>\n<li>\n<div class=\"paragraph\"><strong class=\"\">Tel\u00e9fono:<\/strong> 93 788 36 36<\/div>\n<\/li>\n<\/ul>\n<div class=\"paragraph\"><strong class=\"\">DELEGADO DE PROTECCI\u00d3N DE DATOS (DPD)<\/strong><\/div>\n<div class=\"paragraph\">No se ha designado DPD al no ser obligatorio seg\u00fan el art\u00edculo 37 del RGPD para esta actividad.<\/div>\n<div class=\"paragraph\"><strong class=\"\">FINALIDAD DEL TRATAMIENTO<\/strong><\/div>\n<div class=\"paragraph\">En IBERGESTION CONSTRUCCIONES Y OBRAS, SA tratamos la informaci\u00f3n que nos facilitan las personas interesadas con la finalidad de:<\/div>\n<ol start=\"1\">\n<li>\n<div class=\"paragraph\"><strong class=\"\">Gesti\u00f3n de reservas:<\/strong> Gestionar las reservas de mesa solicitadas a trav\u00e9s del formulario web, tel\u00e9fono o correo electr\u00f3nico.<\/div>\n<\/li>\n<li>\n<div class=\"paragraph\"><strong>Prestaci\u00f3n del servicio:<\/strong> Atenderle durante su visita al restaurante y prestar el servicio contratado.<\/div>\n<\/li>\n<li>\n<div class=\"paragraph\"><strong>Comunicaciones comerciales:<\/strong> Enviarle informaci\u00f3n sobre ofertas, eventos especiales y novedades del restaurante (solo con su consentimiento expl\u00edcito).<\/div>\n<\/li>\n<li>\n<div class=\"paragraph\"><strong class=\"\">Gesti\u00f3n de incidencias:<\/strong> Atender reclamaciones, sugerencias o consultas.<\/div>\n<\/li>\n<li>\n<div class=\"paragraph\"><strong>Prevenci\u00f3n de duplicados:<\/strong> Verificar que no existan reservas duplicadas en el sistema compartido con otros restaurantes que utilizan el mismo software de reservas.<\/div>\n<\/li>\n<\/ol>\n<div class=\"paragraph\"><strong class=\"\">LEGITIMACI\u00d3N DEL TRATAMIENTO<\/strong><\/div>\n<div class=\"paragraph\">La base legal para el tratamiento de sus datos es:<\/div>\n<ul>\n<li>\n<div class=\"paragraph\"><strong class=\"\">Ejecuci\u00f3n de un contrato:<\/strong> Para la gesti\u00f3n de su reserva y prestaci\u00f3n del servicio.<\/div>\n<\/li>\n<li>\n<div class=\"paragraph\"><strong>Consentimiento del interesado:<\/strong> Para el env\u00edo de comunicaciones comerciales y promocionales.<\/div>\n<\/li>\n<li>\n<div class=\"paragraph\"><strong>Inter\u00e9s leg\u00edtimo:<\/strong> Para la prevenci\u00f3n de fraudes y gesti\u00f3n de incidencias.<\/div>\n<\/li>\n<li>\n<div class=\"paragraph\"><strong>Cumplimiento de obligaciones legales:<\/strong> Respecto a facturaci\u00f3n y obligaciones tributarias.<\/div>\n<\/li>\n<\/ul>\n<div class=\"paragraph\"><strong>CONSERVACI\u00d3N DE LOS DATOS<\/strong><\/div>\n<div class=\"paragraph\">Los datos personales proporcionados se conservar\u00e1n:<\/div>\n<ul>\n<li>\n<div class=\"paragraph\"><strong>Datos de reservas:<\/strong> Durante el tiempo necesario para gestionar la reserva y la prestaci\u00f3n del servicio, y posteriormente durante los plazos legalmente establecidos para posibles responsabilidades.<\/div>\n<\/li>\n<li>\n<div class=\"paragraph\"><strong class=\"\">Datos de facturaci\u00f3n:<\/strong> 6 a\u00f1os conforme al C\u00f3digo de Comercio espa\u00f1ol.<\/div>\n<\/li>\n<li>\n<div class=\"paragraph\"><strong>Datos para marketing:<\/strong> Hasta que solicite la baja o se oponga al tratamiento.<\/div>\n<\/li>\n<\/ul>\n<div class=\"paragraph\"><strong>DESTINATARIOS<\/strong><\/div>\n<div class=\"paragraph\">Sus datos podr\u00e1n ser comunicados a:<\/div>\n<ul>\n<li>\n<div class=\"paragraph\"><strong class=\"\">Restaurant Booking &amp; Distribution Services S.L. (CoverManager):<\/strong> Para la gesti\u00f3n t\u00e9cnica de las reservas, bajo contrato de encargado de tratamiento.<\/div>\n<\/li>\n<li>\n<div class=\"paragraph\"><strong class=\"\">Otras empresas del grupo o restaurantes asociados:<\/strong> \u00danicamente para la detecci\u00f3n de reservas duplicadas en el sistema compartido.<\/div>\n<\/li>\n<li>\n<div class=\"paragraph\"><strong class=\"\">Administraciones p\u00fablicas:<\/strong> Cuando exista obligaci\u00f3n legal (Hacienda, Seguridad Social, etc.).<\/div>\n<\/li>\n<li>\n<div class=\"paragraph\"><strong>Proveedores de servicios:<\/strong> Empresas de mantenimiento inform\u00e1tico, hosting, etc., con las que exista contrato de confidencialidad.<\/div>\n<\/li>\n<\/ul>\n<div class=\"paragraph\">No se realizan transferencias internacionales de datos fuera del Espacio Econ\u00f3mico Europeo.<\/div>\n<div class=\"paragraph\"><strong>DERECHOS DE LOS INTERESADOS<\/strong><\/div>\n<div class=\"paragraph\">Cualquier persona tiene derecho a obtener confirmaci\u00f3n sobre si en IBERGESTION CONSTRUCCIONES Y OBRAS, SA estamos tratando datos personales que le conciernan. Las personas interesadas tienen derecho a:<\/div>\n<ul>\n<li><div class=\"paragraph\"><strong class=\"\">Acceder<\/strong> a sus datos personales<\/div><\/li>\n<li><div class=\"paragraph\"><strong class=\"\">Solicitar la rectificaci\u00f3n<\/strong> de los datos inexactos<\/div><\/li>\n<li><div class=\"paragraph\"><strong class=\"\">Solicitar la supresi\u00f3n<\/strong> de sus datos cuando ya no sean necesarios<\/div><\/li>\n<li><div class=\"paragraph\"><strong>Oponerse<\/strong> al tratamiento de sus datos<\/div><\/li>\n<li><div class=\"paragraph\"><strong>Solicitar la limitaci\u00f3n<\/strong> del tratamiento de sus datos<\/div><\/li>\n<li><div class=\"paragraph\"><strong>Solicitar la portabilidad<\/strong> de los datos<\/div><\/li>\n<\/ul>\n<div class=\"paragraph\"><strong class=\"\">Ejercicio de derechos:<\/strong> Puede ejercer sus derechos enviando un correo electr\u00f3nico a <a href=\"mailto:reserva@picaplats.com\" target=\"_blank\" rel=\"noreferrer nofollow noopener\">reserva@picaplats.com<\/a> o por correo postal a Carrer Balaguer 1, 08227 Terrassa, Barcelona, adjuntando copia de su DNI o documento identificativo equivalente.<\/div>\n<div class=\"paragraph\"><strong class=\"\">Derecho a reclamar ante la AEPD:<\/strong> Si considera que el tratamiento de sus datos personales vulnera la normativa, tiene derecho a presentar una reclamaci\u00f3n ante la Agencia Espa\u00f1ola de Protecci\u00f3n de Datos (<a href=\"http:\/\/www.aepd.es\/\" target=\"_blank\" rel=\"noreferrer nofollow noopener\">www.aepd.es<\/a>).<\/div>\n<div class=\"paragraph\"><strong>DATOS DE MENORES DE EDAD<\/strong><\/div>\n<div class=\"paragraph\">Nuestros servicios no est\u00e1n dirigidos a menores de 14 a\u00f1os. No recopilamos intencionadamente datos personales de menores de 14 a\u00f1os. Si detectamos que hemos recopilado datos de un menor de 14 a\u00f1os, eliminaremos esta informaci\u00f3n inmediatamente.<\/div>\n<div class=\"paragraph\"><strong>MEDIDAS DE SEGURIDAD<\/strong><\/div>\n<div class=\"paragraph\">IBERGESTION CONSTRUCCIONES Y OBRAS, SA ha adoptado las medidas t\u00e9cnicas y organizativas necesarias para garantizar la seguridad de los datos personales y evitar su alteraci\u00f3n, p\u00e9rdida, tratamiento o acceso no autorizado.<\/div>\n<\/div>\t\t\t\t\t\t\t\t<\/div>\n\t\t\t\t<\/div>\n\t\t\t\t\t<\/div>\n\t\t<\/div>\n\t\t\t\t\t<\/div>\n\t\t<\/section>\n\t\t\t\t<\/div>\n\t\t","protected":false},"excerpt":{"rendered":"<p>Pol\u00edtica de privacidad RESPONSABLE DEL TRATAMIENTO Identidad: IBERGESTION CONSTRUCCIONES Y OBRAS, SA CIF: A50308055 Direcci\u00f3n postal: Carrer Balaguer 1, 08227 Terrassa, Barcelona Correo electr\u00f3nico: reserva@picaplats.com Tel\u00e9fono: 93 788 36 36 DELEGADO DE PROTECCI\u00d3N DE DATOS (DPD) No se ha designado DPD al no ser obligatorio seg\u00fan el art\u00edculo 37 del RGPD para esta actividad. FINALIDAD&#8230;<\/p>\n","protected":false},"author":1,"featured_media":0,"parent":0,"menu_order":0,"comment_status":"closed","ping_status":"closed","template":"elementor_header_footer","meta":{"_kad_post_transparent":"","_kad_post_title":"hide","_kad_post_layout":"fullwidth","_kad_post_sidebar_id":"","_kad_post_content_style":"unboxed","_kad_post_vertical_padding":"hide","_kad_post_feature":"hide","_kad_post_feature_position":"","_kad_post_header":false,"_kad_post_footer":false,"_kad_post_classname":"","footnotes":""},"class_list":["post-1144","page","type-page","status-publish","hentry"],"_links":{"self":[{"href":"https:\/\/picaplats.com\/index.php?rest_route=\/wp\/v2\/pages\/1144","targetHints":{"allow":["GET"]}}],"collection":[{"href":"https:\/\/picaplats.com\/index.php?rest_route=\/wp\/v2\/pages"}],"about":[{"href":"https:\/\/picaplats.com\/index.php?rest_route=\/wp\/v2\/types\/page"}],"author":[{"embeddable":true,"href":"https:\/\/picaplats.com\/index.php?rest_route=\/wp\/v2\/users\/1"}],"replies":[{"embeddable":true,"href":"https:\/\/picaplats.com\/index.php?rest_route=%2Fwp%2Fv2%2Fcomments&post=1144"}],"version-history":[{"count":5,"href":"https:\/\/picaplats.com\/index.php?rest_route=\/wp\/v2\/pages\/1144\/revisions"}],"predecessor-version":[{"id":1150,"href":"https:\/\/picaplats.com\/index.php?rest_route=\/wp\/v2\/pages\/1144\/revisions\/1150"}],"wp:attachment":[{"href":"https:\/\/picaplats.com\/index.php?rest_route=%2Fwp%2Fv2%2Fmedia&parent=1144"}],"curies":[{"name":"wp","href":"https:\/\/api.w.org\/{rel}","templated":true}]}}