{"id":1131,"date":"2026-03-11T09:39:03","date_gmt":"2026-03-11T08:39:03","guid":{"rendered":"https:\/\/picaplats.com\/?page_id=1131"},"modified":"2026-03-11T09:40:03","modified_gmt":"2026-03-11T08:40:03","slug":"politica-de-cookies-2","status":"publish","type":"page","link":"https:\/\/picaplats.com\/?page_id=1131&lang=es","title":{"rendered":"Pol\u00edtica de cookies"},"content":{"rendered":"\t\t<div data-elementor-type=\"wp-page\" data-elementor-id=\"1131\" class=\"elementor elementor-1131\" data-elementor-settings=\"{&quot;ha_cmc_init_switcher&quot;:&quot;no&quot;}\">\n\t\t\t\t\t\t<section class=\"elementor-section elementor-top-section elementor-element elementor-element-10297088 elementor-section-boxed elementor-section-height-default elementor-section-height-default\" data-id=\"10297088\" data-element_type=\"section\" data-e-type=\"section\" data-settings=\"{&quot;_ha_eqh_enable&quot;:false}\">\n\t\t\t\t\t\t<div class=\"elementor-container elementor-column-gap-default\">\n\t\t\t\t\t<div class=\"elementor-column elementor-col-100 elementor-top-column elementor-element elementor-element-4941fa89\" data-id=\"4941fa89\" data-element_type=\"column\" data-e-type=\"column\">\n\t\t\t<div class=\"elementor-widget-wrap elementor-element-populated\">\n\t\t\t\t\t\t<div class=\"elementor-element elementor-element-7cd8898 elementor-widget elementor-widget-text-editor\" data-id=\"7cd8898\" data-element_type=\"widget\" data-e-type=\"widget\" data-widget_type=\"text-editor.default\">\n\t\t\t\t<div class=\"elementor-widget-container\">\n\t\t\t\t\t\t\t\t\t<p><\/p><h2 class=\"wp-block-heading\">Pol\u00edtica de cookies<\/h2><p><\/p><p><\/p><div>\u00a0<\/div><div class=\"paragraph\"><div class=\"paragraph\"><div class=\"paragraph\"><strong class=\"\">\u00bfQU\u00c9 SON LAS COOKIES?<\/strong><\/div><div class=\"paragraph\">Una cookie es un archivo que se descarga en su ordenador al acceder a determinadas p\u00e1ginas web. Las cookies permiten a una p\u00e1gina web, entre otras cosas, almacenar y recuperar informaci\u00f3n sobre los h\u00e1bitos de navegaci\u00f3n de un usuario o de su equipo y, dependiendo de la informaci\u00f3n que contengan y de la forma en que utilice su equipo, pueden utilizarse para reconocer al usuario.<\/div><div>\u00a0<\/div><div class=\"paragraph\"><strong>TIPOS DE COOKIES QUE UTILIZAMOS<\/strong><\/div><div class=\"paragraph\">En <a class=\"\" href=\"http:\/\/www.picaplats.com\/\" target=\"_blank\" rel=\"noreferrer nofollow noopener\" data-v-7bd7ca31=\"\">www.picaplats.com<\/a> utilizamos los siguientes tipos de cookies:<\/div><div>\u00a0<\/div><div class=\"paragraph\"><strong>Seg\u00fan la entidad que las gestiona:<\/strong><\/div><ul><li><div class=\"paragraph\"><strong class=\"\">Cookies propias:<\/strong> Enviadas al equipo terminal del usuario desde un equipo o dominio gestionado por IBERGESTION CONSTRUCCIONES Y OBRAS, SA.<\/div><\/li><li><div class=\"paragraph\"><strong>Cookies de terceros:<\/strong> Enviadas desde un equipo o dominio que no es gestionado por IBERGESTION CONSTRUCCIONES Y OBRAS, SA (p. ej. CoverManager, redes sociales, Google Analytics).<\/div><\/li><\/ul><div class=\"paragraph\"><strong class=\"\">Seg\u00fan el plazo de tiempo que permanecen activadas:<\/strong><\/div><ul><li><div class=\"paragraph\"><strong class=\"\">Cookies de sesi\u00f3n:<\/strong> Dise\u00f1adas para recopilar y almacenar datos mientras el usuario accede a una p\u00e1gina web. Se eliminan al cerrar el navegador.<\/div><\/li><li><div class=\"paragraph\"><strong>Cookies persistentes:<\/strong> Los datos siguen almacenados en el terminal y pueden ser accedidos y tratados durante un per\u00edodo definido por el responsable de la cookie.<\/div><\/li><\/ul><div class=\"paragraph\"><strong>GESTI\u00d3N DE COOKIES<\/strong><\/div><div class=\"paragraph\">Puede permitir, bloquear o eliminar las cookies instaladas en su equipo mediante la configuraci\u00f3n de las opciones del navegador instalado en su ordenador:<\/div><ul><li><div class=\"paragraph\"><strong>Google Chrome:<\/strong> Configuraci\u00f3n &gt; Privacidad y seguridad &gt; Cookies y otros datos de sitios<\/div><\/li><li><div class=\"paragraph\"><strong class=\"\">Mozilla Firefox:<\/strong> Opciones &gt; Privacidad y seguridad &gt; Cookies y datos del sitio<\/div><\/li><li><div class=\"paragraph\"><strong>Microsoft Edge:<\/strong> Configuraci\u00f3n &gt; Cookies y permisos del sitio<\/div><\/li><li><div class=\"paragraph\"><strong class=\"\">Safari:<\/strong> Preferencias &gt; Privacidad &gt; Cookies y datos de sitios web<\/div><\/li><\/ul><div class=\"paragraph\"><strong class=\"\">CONSENTIMIENTO<\/strong><\/div><div class=\"paragraph\">Al navegar por <a class=\"\" href=\"http:\/\/www.picaplats.com\/\" target=\"_blank\" rel=\"noreferrer nofollow noopener\" data-v-7bd7ca31=\"\">www.picaplats.com<\/a>, se entiende que acepta el uso de cookies descritas en esta pol\u00edtica. Se muestra un banner informativo en la primera visita solicitando su consentimiento expreso para el uso de cookies no esenciales (anal\u00edticas, de terceros).<\/div><div class=\"paragraph\">Puede retirar su consentimiento en cualquier momento eliminando las cookies de su navegador o configur\u00e1ndolo para que bloquee su instalaci\u00f3n.<\/div><div>\u00a0<\/div><div class=\"paragraph\"><strong class=\"\">ACTUALIZACI\u00d3N<\/strong><\/div><div class=\"paragraph\">La presente pol\u00edtica de cookies fue actualizada por \u00faltima vez el 10 de marzo de 2026. IBERGESTION CONSTRUCCIONES Y OBRAS, SA puede modificar esta pol\u00edtica en funci\u00f3n de exigencias legislativas o regulatorias, por lo que se recomienda a los usuarios que la visiten peri\u00f3dicamente.<\/div><\/div><\/div>\t\t\t\t\t\t\t\t<\/div>\n\t\t\t\t<\/div>\n\t\t\t\t\t<\/div>\n\t\t<\/div>\n\t\t\t\t\t<\/div>\n\t\t<\/section>\n\t\t\t\t<\/div>\n\t\t","protected":false},"excerpt":{"rendered":"<p>Pol\u00edtica de cookies \u00a0\u00bfQU\u00c9 SON LAS COOKIES?Una cookie es un archivo que se descarga en su ordenador al acceder a determinadas p\u00e1ginas web. Las cookies permiten a una p\u00e1gina web, entre otras cosas, almacenar y recuperar informaci\u00f3n sobre los h\u00e1bitos de navegaci\u00f3n de un usuario o de su equipo y, dependiendo de la informaci\u00f3n que&#8230;<\/p>\n","protected":false},"author":1,"featured_media":0,"parent":0,"menu_order":0,"comment_status":"closed","ping_status":"closed","template":"elementor_header_footer","meta":{"_kad_post_transparent":"","_kad_post_title":"hide","_kad_post_layout":"fullwidth","_kad_post_sidebar_id":"","_kad_post_content_style":"unboxed","_kad_post_vertical_padding":"hide","_kad_post_feature":"hide","_kad_post_feature_position":"","_kad_post_header":false,"_kad_post_footer":false,"_kad_post_classname":"","footnotes":""},"class_list":["post-1131","page","type-page","status-publish","hentry"],"_links":{"self":[{"href":"https:\/\/picaplats.com\/index.php?rest_route=\/wp\/v2\/pages\/1131","targetHints":{"allow":["GET"]}}],"collection":[{"href":"https:\/\/picaplats.com\/index.php?rest_route=\/wp\/v2\/pages"}],"about":[{"href":"https:\/\/picaplats.com\/index.php?rest_route=\/wp\/v2\/types\/page"}],"author":[{"embeddable":true,"href":"https:\/\/picaplats.com\/index.php?rest_route=\/wp\/v2\/users\/1"}],"replies":[{"embeddable":true,"href":"https:\/\/picaplats.com\/index.php?rest_route=%2Fwp%2Fv2%2Fcomments&post=1131"}],"version-history":[{"count":5,"href":"https:\/\/picaplats.com\/index.php?rest_route=\/wp\/v2\/pages\/1131\/revisions"}],"predecessor-version":[{"id":1137,"href":"https:\/\/picaplats.com\/index.php?rest_route=\/wp\/v2\/pages\/1131\/revisions\/1137"}],"wp:attachment":[{"href":"https:\/\/picaplats.com\/index.php?rest_route=%2Fwp%2Fv2%2Fmedia&parent=1131"}],"curies":[{"name":"wp","href":"https:\/\/api.w.org\/{rel}","templated":true}]}}