{"id":1119,"date":"2026-03-11T09:33:02","date_gmt":"2026-03-11T08:33:02","guid":{"rendered":"https:\/\/picaplats.com\/?page_id=1119"},"modified":"2026-03-11T09:36:06","modified_gmt":"2026-03-11T08:36:06","slug":"aviso-legal-2","status":"publish","type":"page","link":"https:\/\/picaplats.com\/?page_id=1119&lang=es","title":{"rendered":"Aviso Legal"},"content":{"rendered":"\t\t<div data-elementor-type=\"wp-page\" data-elementor-id=\"1119\" class=\"elementor elementor-1119\" data-elementor-settings=\"{&quot;ha_cmc_init_switcher&quot;:&quot;no&quot;}\">\n\t\t\t\t\t\t<section class=\"elementor-section elementor-top-section elementor-element elementor-element-10297088 elementor-section-boxed elementor-section-height-default elementor-section-height-default\" data-id=\"10297088\" data-element_type=\"section\" data-e-type=\"section\" data-settings=\"{&quot;_ha_eqh_enable&quot;:false}\">\n\t\t\t\t\t\t<div class=\"elementor-container elementor-column-gap-default\">\n\t\t\t\t\t<div class=\"elementor-column elementor-col-100 elementor-top-column elementor-element elementor-element-4941fa89\" data-id=\"4941fa89\" data-element_type=\"column\" data-e-type=\"column\">\n\t\t\t<div class=\"elementor-widget-wrap elementor-element-populated\">\n\t\t\t\t\t\t<div class=\"elementor-element elementor-element-7cd8898 elementor-widget elementor-widget-text-editor\" data-id=\"7cd8898\" data-element_type=\"widget\" data-e-type=\"widget\" data-widget_type=\"text-editor.default\">\n\t\t\t\t<div class=\"elementor-widget-container\">\n\t\t\t\t\t\t\t\t\t<p><\/p><h2 class=\"wp-block-heading\">Aviso legal<\/h2><p><\/p><p><\/p><div>\u00a0<\/div><div class=\"paragraph\"><div class=\"paragraph\"><strong class=\"\">TITULAR DEL SITIO WEB<\/strong><\/div><div class=\"paragraph\">En cumplimiento del art\u00edculo 10 de la Ley 34\/2002, de 11 de julio, de Servicios de la Sociedad de la Informaci\u00f3n y Comercio Electr\u00f3nico (LSSI), se informa que el titular del sitio web <a class=\"\" href=\"http:\/\/www.picaplats.com\/\" target=\"_blank\" rel=\"noreferrer nofollow noopener\" data-v-7bd7ca31=\"\">www.picaplats.com<\/a> es:<\/div><ul><li><div class=\"paragraph\"><strong class=\"\">Raz\u00f3n Social:<\/strong> IBERGESTION CONSTRUCCIONES Y OBRAS, SA<\/div><\/li><li><div class=\"paragraph\"><strong>CIF:<\/strong> A50308055<\/div><\/li><li><div class=\"paragraph\"><strong>Domicilio social:<\/strong> Carrer Balaguer 1, 08227 Terrassa, Barcelona<\/div><\/li><li><div class=\"paragraph\"><strong class=\"\">Tel\u00e9fono:<\/strong> 93 788 36 36<\/div><\/li><li><div class=\"paragraph\"><strong class=\"\">Correo electr\u00f3nico:<\/strong> <a class=\"\" href=\"mailto:reserva@picaplats.com\" target=\"_blank\" rel=\"noreferrer nofollow noopener\" data-v-7bd7ca31=\"\">reserva@picaplats.com<\/a><\/div><\/li><\/ul><div class=\"paragraph\"><strong>CONDICIONES DE USO<\/strong><\/div><div class=\"paragraph\">El acceso y uso de este sitio web atribuye la condici\u00f3n de usuario, quien acepta, desde dicho acceso y uso, las condiciones generales de uso aqu\u00ed reflejadas. Estas condiciones ser\u00e1n de aplicaci\u00f3n independientemente de las condiciones generales de contrataci\u00f3n que, en su caso, resulten de obligado cumplimiento.<\/div><div>\u00a0<\/div><div class=\"paragraph\"><strong class=\"\">PROPIEDAD INTELECTUAL E INDUSTRIAL<\/strong><\/div><div class=\"paragraph\">IBERGESTION CONSTRUCCIONES Y OBRAS, SA por s\u00ed misma o como cesionaria, es titular de todos los derechos de propiedad intelectual e industrial de su p\u00e1gina web, as\u00ed como de los elementos contenidos en la misma (a t\u00edtulo enunciativo: im\u00e1genes, fotograf\u00edas, sonido, audio, v\u00eddeo, software o textos; marcas o logotipos, combinaciones de colores, estructura y dise\u00f1o, selecci\u00f3n de materiales utilizados, programas de ordenador necesarios para su funcionamiento, acceso y uso, etc.), titularidad de IBERGESTION CONSTRUCCIONES Y OBRAS, SA o bien de sus licenciadores.<\/div><div class=\"paragraph\">Todos los derechos reservados. En virtud de lo dispuesto en los art\u00edculos 8 y 32.1, p\u00e1rrafo segundo, de la Ley de Propiedad Intelectual, quedan expresamente prohibidas la reproducci\u00f3n, la distribuci\u00f3n y la comunicaci\u00f3n p\u00fablica, incluida su modalidad de puesta a disposici\u00f3n, de la totalidad o parte de los contenidos de esta p\u00e1gina web, con fines comerciales, en cualquier soporte y por cualquier medio t\u00e9cnico, sin la autorizaci\u00f3n de IBERGESTION CONSTRUCCIONES Y OBRAS, SA.<\/div><div class=\"paragraph\">El usuario se compromete a respetar los derechos de Propiedad Intelectual e Industrial titularidad de IBERGESTION CONSTRUCCIONES Y OBRAS, SA. Podr\u00e1 visualizar los elementos del portal e incluso imprimirlos, copiarlos y almacenarlos en el disco duro de su ordenador o en cualquier otro soporte f\u00edsico siempre que sea, \u00fanica y exclusivamente, para su uso personal y privado.<\/div><div>\u00a0<\/div><div class=\"paragraph\"><strong>EXCLUSI\u00d3N DE GARANT\u00cdAS Y RESPONSABILIDAD<\/strong><\/div><div class=\"paragraph\">IBERGESTION CONSTRUCCIONES Y OBRAS, SA no se hace responsable, en ning\u00fan caso, de los da\u00f1os y perjuicios de cualquier naturaleza que pudieran ocasionar, a t\u00edtulo enunciativo: errores u omisiones en los contenidos, falta de disponibilidad del portal o la transmisi\u00f3n de virus o programas maliciosos o da\u00f1inos en los contenidos, a pesar de haber adoptado todas las medidas tecnol\u00f3gicas necesarias para evitarlo.<\/div><div>\u00a0<\/div><div class=\"paragraph\"><strong class=\"\">MODIFICACIONES<\/strong><\/div><div class=\"paragraph\">IBERGESTION CONSTRUCCIONES Y OBRAS, SA se reserva el derecho de efectuar, sin previo aviso, las modificaciones que considere oportunas en su portal, pudiendo cambiar, suprimir o a\u00f1adir tanto los contenidos y servicios que se presten a trav\u00e9s del mismo como la forma en que estos aparezcan presentados o localizados en su portal.<\/div><div class=\"paragraph\"><strong>ENLACES<\/strong><\/div><div class=\"paragraph\">En el caso de que en <a class=\"\" href=\"http:\/\/www.picaplats.com\/\" target=\"_blank\" rel=\"noreferrer nofollow noopener\" data-v-7bd7ca31=\"\">www.picaplats.com<\/a> se dispusieran enlaces o hiperv\u00ednculos hacia otros sitios de Internet, IBERGESTION CONSTRUCCIONES Y OBRAS, SA no ejercer\u00e1 ning\u00fan tipo de control sobre dichos sitios y contenidos. En ning\u00fan caso IBERGESTION CONSTRUCCIONES Y OBRAS, SA asumir\u00e1 responsabilidad alguna por los contenidos de alg\u00fan enlace perteneciente a un sitio web ajeno, ni garantizar\u00e1 la disponibilidad t\u00e9cnica, calidad, fiabilidad, exactitud, amplitud, veracidad, validez y constitucionalidad de cualquier material o informaci\u00f3n contenida en cualquiera de dichos hiperv\u00ednculos u otros sitios de Internet.<\/div><div>\u00a0<\/div><div class=\"paragraph\"><strong>DERECHO DE EXCLUSI\u00d3N<\/strong><\/div><div class=\"paragraph\">IBERGESTION CONSTRUCCIONES Y OBRAS, SA se reserva el derecho a denegar o retirar el acceso al portal y\/o a los servicios ofrecidos sin necesidad de previo aviso, a instancia propia o de un tercero, a aquellos usuarios que incumplan las presentes Condiciones Generales de Uso.<\/div><div>\u00a0<\/div><div class=\"paragraph\"><strong class=\"\">GENERALIDADES<\/strong><\/div><div class=\"paragraph\">IBERGESTION CONSTRUCCIONES Y OBRAS, SA perseguir\u00e1 el incumplimiento de las presentes condiciones as\u00ed como cualquier utilizaci\u00f3n indebida de su portal, ejerciendo todas las acciones civiles y penales que le puedan corresponder en derecho.<\/div><div>\u00a0<\/div><div class=\"paragraph\"><strong class=\"\">MODIFICACI\u00d3N DE LAS PRESENTES CONDICIONES Y DURACI\u00d3N<\/strong><\/div><div class=\"paragraph\">IBERGESTION CONSTRUCCIONES Y OBRAS, SA podr\u00e1 modificar en cualquier momento las condiciones aqu\u00ed determinadas, siendo debidamente publicadas tal y como aqu\u00ed aparecen. La vigencia de las citadas condiciones depender\u00e1 de su exposici\u00f3n y estar\u00e1n vigentes hasta que sean modificadas por otras debidamente publicadas.<\/div><div>\u00a0<\/div><div class=\"paragraph\"><strong>LEGISLACI\u00d3N APLICABLE Y JURISDICCI\u00d3N<\/strong><\/div><div class=\"paragraph\">La relaci\u00f3n entre IBERGESTION CONSTRUCCIONES Y OBRAS, SA y el usuario se regir\u00e1 por la normativa espa\u00f1ola vigente y cualquier controversia se someter\u00e1 a los Juzgados y Tribunales de la ciudad de Terrassa (Barcelona), salvo que la ley aplicable disponga otra cosa.<\/div><\/div>\t\t\t\t\t\t\t\t<\/div>\n\t\t\t\t<\/div>\n\t\t\t\t\t<\/div>\n\t\t<\/div>\n\t\t\t\t\t<\/div>\n\t\t<\/section>\n\t\t\t\t<\/div>\n\t\t","protected":false},"excerpt":{"rendered":"<p>Aviso legal \u00a0TITULAR DEL SITIO WEBEn cumplimiento del art\u00edculo 10 de la Ley 34\/2002, de 11 de julio, de Servicios de la Sociedad de la Informaci\u00f3n y Comercio Electr\u00f3nico (LSSI), se informa que el titular del sitio web www.picaplats.com es: Raz\u00f3n Social: IBERGESTION CONSTRUCCIONES Y OBRAS, SA CIF: A50308055 Domicilio social: Carrer Balaguer 1, 08227&#8230;<\/p>\n","protected":false},"author":1,"featured_media":0,"parent":0,"menu_order":0,"comment_status":"closed","ping_status":"closed","template":"elementor_header_footer","meta":{"_kad_post_transparent":"","_kad_post_title":"hide","_kad_post_layout":"fullwidth","_kad_post_sidebar_id":"","_kad_post_content_style":"unboxed","_kad_post_vertical_padding":"hide","_kad_post_feature":"hide","_kad_post_feature_position":"","_kad_post_header":false,"_kad_post_footer":false,"_kad_post_classname":"","footnotes":""},"class_list":["post-1119","page","type-page","status-publish","hentry"],"_links":{"self":[{"href":"https:\/\/picaplats.com\/index.php?rest_route=\/wp\/v2\/pages\/1119","targetHints":{"allow":["GET"]}}],"collection":[{"href":"https:\/\/picaplats.com\/index.php?rest_route=\/wp\/v2\/pages"}],"about":[{"href":"https:\/\/picaplats.com\/index.php?rest_route=\/wp\/v2\/types\/page"}],"author":[{"embeddable":true,"href":"https:\/\/picaplats.com\/index.php?rest_route=\/wp\/v2\/users\/1"}],"replies":[{"embeddable":true,"href":"https:\/\/picaplats.com\/index.php?rest_route=%2Fwp%2Fv2%2Fcomments&post=1119"}],"version-history":[{"count":5,"href":"https:\/\/picaplats.com\/index.php?rest_route=\/wp\/v2\/pages\/1119\/revisions"}],"predecessor-version":[{"id":1124,"href":"https:\/\/picaplats.com\/index.php?rest_route=\/wp\/v2\/pages\/1119\/revisions\/1124"}],"wp:attachment":[{"href":"https:\/\/picaplats.com\/index.php?rest_route=%2Fwp%2Fv2%2Fmedia&parent=1119"}],"curies":[{"name":"wp","href":"https:\/\/api.w.org\/{rel}","templated":true}]}}