{"id":1023,"date":"2026-03-10T11:01:12","date_gmt":"2026-03-10T10:01:12","guid":{"rendered":"https:\/\/picaplats.com\/?page_id=1023"},"modified":"2026-03-10T11:05:28","modified_gmt":"2026-03-10T10:05:28","slug":"politica-de-cookies","status":"publish","type":"page","link":"https:\/\/picaplats.com\/?page_id=1023","title":{"rendered":"Pol\u00edtica de cookies"},"content":{"rendered":"\t\t<div data-elementor-type=\"wp-page\" data-elementor-id=\"1023\" class=\"elementor elementor-1023\" data-elementor-settings=\"{&quot;ha_cmc_init_switcher&quot;:&quot;no&quot;}\">\n\t\t\t\t\t\t<section class=\"elementor-section elementor-top-section elementor-element elementor-element-10297088 elementor-section-boxed elementor-section-height-default elementor-section-height-default\" data-id=\"10297088\" data-element_type=\"section\" data-e-type=\"section\" data-settings=\"{&quot;_ha_eqh_enable&quot;:false}\">\n\t\t\t\t\t\t<div class=\"elementor-container elementor-column-gap-default\">\n\t\t\t\t\t<div class=\"elementor-column elementor-col-100 elementor-top-column elementor-element elementor-element-4941fa89\" data-id=\"4941fa89\" data-element_type=\"column\" data-e-type=\"column\">\n\t\t\t<div class=\"elementor-widget-wrap elementor-element-populated\">\n\t\t\t\t\t\t<div class=\"elementor-element elementor-element-7cd8898 elementor-widget elementor-widget-text-editor\" data-id=\"7cd8898\" data-element_type=\"widget\" data-e-type=\"widget\" data-widget_type=\"text-editor.default\">\n\t\t\t\t<div class=\"elementor-widget-container\">\n\t\t\t\t\t\t\t\t\t\n<h2 class=\"wp-block-heading\">Pol\u00edtica de cookies<\/h2>\n\n<div>\u00a0<\/div>\n<div class=\"paragraph\">\n<div class=\"paragraph\">\n<div class=\"paragraph\"><strong class=\"\">QU\u00c8 S\u00d3N LES COOKIES?<\/strong><\/div>\n<div class=\"paragraph\">Una cookie \u00e9s un fitxer que es descarrega al seu ordinador en accedir a determinades p\u00e0gines web. Les cookies permeten a una p\u00e0gina web, entre altres coses, emmagatzemar i recuperar informaci\u00f3 sobre els h\u00e0bits de navegaci\u00f3 d&#8217;un usuari o del seu equip i, depenent de la informaci\u00f3 que continguin i de la forma en qu\u00e8 utilitzi el seu equip, poden utilitzar-se per recon\u00e8ixer l&#8217;usuari.<\/div>\n<div>\u00a0<\/div>\n<div class=\"paragraph\"><strong>TIPUS DE COOKIES QUE UTILITZEM<\/strong><\/div>\n<div class=\"paragraph\">A <a class=\"\" href=\"http:\/\/www.picaplats.com\/\" target=\"_blank\" rel=\"noreferrer nofollow noopener\" data-v-7bd7ca31=\"\">www.picaplats.com<\/a> utilitzem els seg\u00fcents tipus de cookies:<\/div>\n<div>\u00a0<\/div>\n<div class=\"paragraph\"><strong>Segons l&#8217;entitat que les gestiona:<\/strong><\/div>\n<ul>\n<li>\n<div class=\"paragraph\"><strong class=\"\">Cookies pr\u00f2pies:<\/strong> Enviades a l&#8217;equip terminal de l&#8217;usuari des d&#8217;un equip o domini gestionat per IBERGESTION CONSTRUCCIONES Y OBRAS, SA.<\/div>\n<\/li>\n<li>\n<div class=\"paragraph\"><strong>Cookies de tercers:<\/strong> Enviades des d&#8217;un equip o domini que no \u00e9s gestionat per IBERGESTION CONSTRUCCIONES Y OBRAS, SA (p. ex. CoverManager, xarxes socials, Google Analytics).<\/div>\n<\/li>\n<\/ul>\n<div class=\"paragraph\"><strong class=\"\">Segons el termini de temps que romanen activades:<\/strong><\/div>\n<ul>\n<li>\n<div class=\"paragraph\"><strong class=\"\">Cookies de sessi\u00f3:<\/strong> Dissenyades per recaptar i emmagatzemar dades mentre l&#8217;usuari accedeix a una p\u00e0gina web. S&#8217;eliminen en tancar el navegador.<\/div>\n<\/li>\n<li>\n<div class=\"paragraph\"><strong>Cookies persistents:<\/strong> Les dades segueixen emmagatzemades al terminal i poden ser accedides i tractades durant un per\u00edode definit pel responsable de la cookie.<\/div>\n<\/li>\n<\/ul>\n<div class=\"paragraph\"><strong>GESTI\u00d3 DE COOKIES<\/strong><\/div>\n<div class=\"paragraph\">Pot permetre, bloquejar o eliminar les cookies instal\u00b7lades al seu equip mitjan\u00e7ant la configuraci\u00f3 de les opcions del navegador instal\u00b7lat al seu ordinador:<\/div>\n<ul>\n<li>\n<div class=\"paragraph\"><strong>Google Chrome:<\/strong> Configuraci\u00f3 &gt; Privacitat i seguretat &gt; Cookies i altres dades de llocs<\/div>\n<\/li>\n<li>\n<div class=\"paragraph\"><strong class=\"\">Mozilla Firefox:<\/strong> Opcions &gt; Privacitat i seguretat &gt; Cookies i dades del lloc<\/div>\n<\/li>\n<li>\n<div class=\"paragraph\"><strong>Microsoft Edge:<\/strong> Configuraci\u00f3 &gt; Cookies i permisos del lloc<\/div>\n<\/li>\n<li>\n<div class=\"paragraph\"><strong class=\"\">Safari:<\/strong> Prefer\u00e8ncies &gt; Privacitat &gt; Cookies i dades de llocs web<\/div>\n<\/li>\n<\/ul>\n<div class=\"paragraph\"><strong class=\"\">CONSENTIMENT<\/strong><\/div>\n<div class=\"paragraph\">En navegar per <a class=\"\" href=\"http:\/\/www.picaplats.com\/\" target=\"_blank\" rel=\"noreferrer nofollow noopener\" data-v-7bd7ca31=\"\">www.picaplats.com<\/a>, s&#8217;ent\u00e9n que accepta l&#8217;\u00fas de cookies descrites en aquesta pol\u00edtica. Es mostra un banner informatiu en la primera visita sol\u00b7licitant el seu consentiment expr\u00e9s per a l&#8217;\u00fas de cookies no essencials (anal\u00edtiques, de tercers).<\/div>\n<div class=\"paragraph\">Pot retirar el seu consentiment en qualsevol moment eliminant les cookies del seu navegador o configurant-lo perqu\u00e8 bloquegi la seva instal\u00b7laci\u00f3.<\/div>\n<div>\u00a0<\/div>\n<div class=\"paragraph\"><strong class=\"\">ACTUALITZACI\u00d3<\/strong><\/div>\n<div class=\"paragraph\">La present pol\u00edtica de cookies va ser actualitzada per \u00faltima vegada el 10 de mar\u00e7 de 2026. IBERGESTION CONSTRUCCIONES Y OBRAS, SA pot modificar aquesta pol\u00edtica en funci\u00f3 d&#8217;exig\u00e8ncies legislatives o reguladores, per la qual cosa s&#8217;aconsella als usuaris que la visitin peri\u00f2dicament.<\/div>\n<\/div>\n<\/div>\t\t\t\t\t\t\t\t<\/div>\n\t\t\t\t<\/div>\n\t\t\t\t\t<\/div>\n\t\t<\/div>\n\t\t\t\t\t<\/div>\n\t\t<\/section>\n\t\t\t\t<\/div>\n\t\t","protected":false},"excerpt":{"rendered":"<p>Pol\u00edtica de cookies \u00a0 QU\u00c8 S\u00d3N LES COOKIES? Una cookie \u00e9s un fitxer que es descarrega al seu ordinador en accedir a determinades p\u00e0gines web. Les cookies permeten a una p\u00e0gina web, entre altres coses, emmagatzemar i recuperar informaci\u00f3 sobre els h\u00e0bits de navegaci\u00f3 d&#8217;un usuari o del seu equip i, depenent de la informaci\u00f3&#8230;<\/p>\n","protected":false},"author":1,"featured_media":0,"parent":0,"menu_order":0,"comment_status":"closed","ping_status":"closed","template":"elementor_header_footer","meta":{"_kad_post_transparent":"","_kad_post_title":"","_kad_post_layout":"","_kad_post_sidebar_id":"","_kad_post_content_style":"","_kad_post_vertical_padding":"","_kad_post_feature":"","_kad_post_feature_position":"","_kad_post_header":false,"_kad_post_footer":false,"_kad_post_classname":"","footnotes":""},"class_list":["post-1023","page","type-page","status-publish","hentry"],"_links":{"self":[{"href":"https:\/\/picaplats.com\/index.php?rest_route=\/wp\/v2\/pages\/1023","targetHints":{"allow":["GET"]}}],"collection":[{"href":"https:\/\/picaplats.com\/index.php?rest_route=\/wp\/v2\/pages"}],"about":[{"href":"https:\/\/picaplats.com\/index.php?rest_route=\/wp\/v2\/types\/page"}],"author":[{"embeddable":true,"href":"https:\/\/picaplats.com\/index.php?rest_route=\/wp\/v2\/users\/1"}],"replies":[{"embeddable":true,"href":"https:\/\/picaplats.com\/index.php?rest_route=%2Fwp%2Fv2%2Fcomments&post=1023"}],"version-history":[{"count":8,"href":"https:\/\/picaplats.com\/index.php?rest_route=\/wp\/v2\/pages\/1023\/revisions"}],"predecessor-version":[{"id":1138,"href":"https:\/\/picaplats.com\/index.php?rest_route=\/wp\/v2\/pages\/1023\/revisions\/1138"}],"wp:attachment":[{"href":"https:\/\/picaplats.com\/index.php?rest_route=%2Fwp%2Fv2%2Fmedia&parent=1023"}],"curies":[{"name":"wp","href":"https:\/\/api.w.org\/{rel}","templated":true}]}}