{"id":1012,"date":"2026-03-10T10:52:36","date_gmt":"2026-03-10T09:52:36","guid":{"rendered":"https:\/\/picaplats.com\/?page_id=1012"},"modified":"2026-03-10T11:00:58","modified_gmt":"2026-03-10T10:00:58","slug":"aviso-legal","status":"publish","type":"page","link":"https:\/\/picaplats.com\/?page_id=1012","title":{"rendered":"Av\u00eds legal"},"content":{"rendered":"\t\t<div data-elementor-type=\"wp-page\" data-elementor-id=\"1012\" class=\"elementor elementor-1012\" data-elementor-settings=\"{&quot;ha_cmc_init_switcher&quot;:&quot;no&quot;}\">\n\t\t\t\t\t\t<section class=\"elementor-section elementor-top-section elementor-element elementor-element-10297088 elementor-section-boxed elementor-section-height-default elementor-section-height-default\" data-id=\"10297088\" data-element_type=\"section\" data-e-type=\"section\" data-settings=\"{&quot;_ha_eqh_enable&quot;:false}\">\n\t\t\t\t\t\t<div class=\"elementor-container elementor-column-gap-default\">\n\t\t\t\t\t<div class=\"elementor-column elementor-col-100 elementor-top-column elementor-element elementor-element-4941fa89\" data-id=\"4941fa89\" data-element_type=\"column\" data-e-type=\"column\">\n\t\t\t<div class=\"elementor-widget-wrap elementor-element-populated\">\n\t\t\t\t\t\t<div class=\"elementor-element elementor-element-7cd8898 elementor-widget elementor-widget-text-editor\" data-id=\"7cd8898\" data-element_type=\"widget\" data-e-type=\"widget\" data-widget_type=\"text-editor.default\">\n\t\t\t\t<div class=\"elementor-widget-container\">\n\t\t\t\t\t\t\t\t\t\n<h2 class=\"wp-block-heading\">Av\u00eds legal<\/h2>\n\n<div>\u00a0<\/div>\n<div class=\"paragraph\">\n<div class=\"paragraph\"><strong class=\"\">TITULAR DEL LLOC WEB<\/strong><\/div>\n<div class=\"paragraph\">En compliment de l&#8217;article 10 de la Llei 34\/2002, de 11 de juliol, de Serveis de la Societat de la Informaci\u00f3 i Comer\u00e7 Electr\u00f2nic (LSSI), s&#8217;informa que el titular del lloc web <a class=\"\" href=\"http:\/\/www.picaplats.com\/\" target=\"_blank\" rel=\"noreferrer nofollow noopener\" data-v-7bd7ca31=\"\">www.picaplats.com<\/a> \u00e9s:<\/div>\n<ul>\n<li>\n<div class=\"paragraph\"><strong class=\"\">Ra\u00f3 Social:<\/strong> IBERGESTION CONSTRUCCIONES Y OBRAS, SA<\/div>\n<\/li>\n<li>\n<div class=\"paragraph\"><strong>CIF:<\/strong> A50308055<\/div>\n<\/li>\n<li>\n<div class=\"paragraph\"><strong>Domicili social:<\/strong> Carrer Balaguer 1, 08227 Terrassa, Barcelona<\/div>\n<\/li>\n<li>\n<div class=\"paragraph\"><strong class=\"\">Tel\u00e8fon:<\/strong> 93 788 36 36<\/div>\n<\/li>\n<li>\n<div class=\"paragraph\"><strong class=\"\">Correu electr\u00f2nic:<\/strong> <a class=\"\" href=\"mailto:reserva@picaplats.com\" target=\"_blank\" rel=\"noreferrer nofollow noopener\" data-v-7bd7ca31=\"\">reserva@picaplats.com<\/a><\/div>\n<\/li>\n<\/ul>\n<div class=\"paragraph\"><strong>CONDICIONS D&#8217;\u00daS<\/strong><\/div>\n<div class=\"paragraph\">L&#8217;acc\u00e9s i \u00fas d&#8217;aquest lloc web atribueix la condici\u00f3 d&#8217;usuari, qui accepta, des d&#8217;aquest acc\u00e9s i \u00fas, les condicions generals d&#8217;\u00fas aqu\u00ed reflectides. Aquestes condicions seran d&#8217;aplicaci\u00f3 independentment de les condicions generals de contractaci\u00f3 que en el seu cas resultin d&#8217;obligat compliment.<\/div>\n<div>\u00a0<\/div>\n<div class=\"paragraph\"><strong class=\"\">PROPIETAT INTELECTUAL I INDUSTRIAL<\/strong><\/div>\n<div class=\"paragraph\">IBERGESTION CONSTRUCCIONES Y OBRAS, SA per si o com a cession\u00e0ria, \u00e9s titular de tots els drets de propietat intel\u00b7lectual i industrial de la seva p\u00e0gina web, aix\u00ed com dels elements continguts en la mateixa (a t\u00edtol enunciatiu: imatges, fotografies, so, \u00e0udio, v\u00eddeo, software o textos; marques o logotips, combinacions de colors, estructura i disseny, selecci\u00f3 de materials usats, programes d&#8217;ordinador necessaris per al seu funcionament, acc\u00e9s i \u00fas, etc.), titularitat d&#8217;IBERGESTION CONSTRUCCIONES Y OBRAS, SA o b\u00e9 dels seus llicenciadors.<\/div>\n<div class=\"paragraph\">Tots els drets reservats. En virtut del que disposen els articles 8 i 32.1, par\u00e0graf segon, de la Llei de Propietat Intel\u00b7lectual, queden expressament prohibides la reproducci\u00f3, la distribuci\u00f3 i la comunicaci\u00f3 p\u00fablica, inclosa la seva modalitat de posada a disposici\u00f3, de la totalitat o part dels continguts d&#8217;aquesta p\u00e0gina web, amb fins comercials, en qualsevol suport i per qualsevol mitj\u00e0 t\u00e8cnic, sense l&#8217;autoritzaci\u00f3 d&#8217;IBERGESTION CONSTRUCCIONES Y OBRAS, SA.<\/div>\n<div class=\"paragraph\">L&#8217;usuari es compromet a respectar els drets de Propietat Intel\u00b7lectual i Industrial titularitat d&#8217;IBERGESTION CONSTRUCCIONES Y OBRAS, SA. Podr\u00e0 visualitzar els elements del portal i fins i tot imprimir-los, copiar-los i emmagatzemar-los al disc dur del seu ordinador o en qualsevol altre suport f\u00edsic sempre que sigui, \u00fanica i exclusivament, per al seu \u00fas personal i privat.<\/div>\n<div>\u00a0<\/div>\n<div class=\"paragraph\"><strong>EXCLUSI\u00d3 DE GARANTIES I RESPONSABILITAT<\/strong><\/div>\n<div class=\"paragraph\">IBERGESTION CONSTRUCCIONES Y OBRAS, SA no es fa responsable, en cap cas, dels danys i perjudicis de qualsevol naturalesa que poguessin ocasionar, a t\u00edtol enunciatiu: errors o omissions en els continguts, falta de disponibilitat del portal o la transmissi\u00f3 de virus o programes maliciosos o lesius en els continguts, tot i haver adoptat totes les mesures tecnol\u00f2giques necess\u00e0ries per evitar-ho.<\/div>\n<div>\u00a0<\/div>\n<div class=\"paragraph\"><strong class=\"\">MODIFICACIONS<\/strong><\/div>\n<div class=\"paragraph\">IBERGESTION CONSTRUCCIONES Y OBRAS, SA es reserva el dret d&#8217;efectuar sense previ av\u00eds les modificacions que consideri oportunes en el seu portal, podent canviar, suprimir o afegir tant els continguts i serveis que es prestin a trav\u00e9s de la mateixa com la forma en qu\u00e8 aquests apareguin presentats o localitzats en el seu portal.<\/div>\n<div class=\"paragraph\"><strong>ENLLA\u00c7OS<\/strong><\/div>\n<div class=\"paragraph\">En el cas que a <a class=\"\" href=\"http:\/\/www.picaplats.com\/\" target=\"_blank\" rel=\"noreferrer nofollow noopener\" data-v-7bd7ca31=\"\">www.picaplats.com<\/a> es disposessin enlla\u00e7os o hipervincles cap a altres llocs d&#8217;Internet, IBERGESTION CONSTRUCCIONES Y OBRAS, SA no exercir\u00e0 cap tipus de control sobre aquests llocs i continguts. En cap cas IBERGESTION CONSTRUCCIONES Y OBRAS, SA assumir\u00e0 responsabilitat alguna pels continguts d&#8217;algun enlla\u00e7 pertanyent a un lloc web ali\u00e8, ni garantir\u00e0 la disponibilitat t\u00e8cnica, qualitat, fiabilitat, exactitud, amplitud, veracitat, validesa i constitucionalitat de qualsevol material o informaci\u00f3 continguda en cap d&#8217;aquests hipervincles o altres llocs d&#8217;Internet.<\/div>\n<div>\u00a0<\/div>\n<div class=\"paragraph\"><strong>DRET D&#8217;EXCLUSI\u00d3<\/strong><\/div>\n<div class=\"paragraph\">IBERGESTION CONSTRUCCIONES Y OBRAS, SA es reserva el dret a denegar o retirar l&#8217;acc\u00e9s al portal i\/o els serveis oferts sense necessitat de preav\u00eds, a inst\u00e0ncia pr\u00f2pia o d&#8217;un tercer, a aquells usuaris que incompleixin les presents Condicions Generals d&#8217;\u00das.<\/div>\n<div>\u00a0<\/div>\n<div class=\"paragraph\"><strong class=\"\">GENERALITATS<\/strong><\/div>\n<div class=\"paragraph\">IBERGESTION CONSTRUCCIONES Y OBRAS, SA perseguir\u00e0 l&#8217;incompliment de les presents condicions aix\u00ed com qualsevol utilitzaci\u00f3 indeguda del seu portal exercint totes les accions civils i penals que li puguin correspondre en dret.<\/div>\n<div>\u00a0<\/div>\n<div class=\"paragraph\"><strong class=\"\">MODIFICACI\u00d3 DE LES PRESENTS CONDICIONS I DURADA<\/strong><\/div>\n<div class=\"paragraph\">IBERGESTION CONSTRUCCIONES Y OBRAS, SA podr\u00e0 modificar en qualsevol moment les condicions aqu\u00ed determinades, sent degudament publicades com aqu\u00ed apareixen. La vig\u00e8ncia de les citades condicions anir\u00e0 en funci\u00f3 de la seva exposici\u00f3 i estaran vigents fins que siguin modificades per altres degudament publicades.<\/div>\n<div>\u00a0<\/div>\n<div class=\"paragraph\"><strong>LEGISLACI\u00d3 APLICABLE I JURISDICCI\u00d3<\/strong><\/div>\n<div class=\"paragraph\">La relaci\u00f3 entre IBERGESTION CONSTRUCCIONES Y OBRAS, SA i l&#8217;usuari es regir\u00e0 per la normativa espanyola vigent i qualsevol controv\u00e8rsia se sotmetr\u00e0 als Jutjats i Tribunals de la ciutat de Terrassa (Barcelona), llevat que la llei aplicable disposi una altra cosa.<\/div>\n<\/div>\t\t\t\t\t\t\t\t<\/div>\n\t\t\t\t<\/div>\n\t\t\t\t\t<\/div>\n\t\t<\/div>\n\t\t\t\t\t<\/div>\n\t\t<\/section>\n\t\t\t\t<\/div>\n\t\t","protected":false},"excerpt":{"rendered":"<p>Av\u00eds legal \u00a0 TITULAR DEL LLOC WEB En compliment de l&#8217;article 10 de la Llei 34\/2002, de 11 de juliol, de Serveis de la Societat de la Informaci\u00f3 i Comer\u00e7 Electr\u00f2nic (LSSI), s&#8217;informa que el titular del lloc web www.picaplats.com \u00e9s: Ra\u00f3 Social: IBERGESTION CONSTRUCCIONES Y OBRAS, SA CIF: A50308055 Domicili social: Carrer Balaguer 1,&#8230;<\/p>\n","protected":false},"author":1,"featured_media":0,"parent":0,"menu_order":0,"comment_status":"closed","ping_status":"closed","template":"elementor_header_footer","meta":{"_kad_post_transparent":"","_kad_post_title":"","_kad_post_layout":"","_kad_post_sidebar_id":"","_kad_post_content_style":"","_kad_post_vertical_padding":"","_kad_post_feature":"","_kad_post_feature_position":"","_kad_post_header":false,"_kad_post_footer":false,"_kad_post_classname":"","footnotes":""},"class_list":["post-1012","page","type-page","status-publish","hentry"],"_links":{"self":[{"href":"https:\/\/picaplats.com\/index.php?rest_route=\/wp\/v2\/pages\/1012","targetHints":{"allow":["GET"]}}],"collection":[{"href":"https:\/\/picaplats.com\/index.php?rest_route=\/wp\/v2\/pages"}],"about":[{"href":"https:\/\/picaplats.com\/index.php?rest_route=\/wp\/v2\/types\/page"}],"author":[{"embeddable":true,"href":"https:\/\/picaplats.com\/index.php?rest_route=\/wp\/v2\/users\/1"}],"replies":[{"embeddable":true,"href":"https:\/\/picaplats.com\/index.php?rest_route=%2Fwp%2Fv2%2Fcomments&post=1012"}],"version-history":[{"count":6,"href":"https:\/\/picaplats.com\/index.php?rest_route=\/wp\/v2\/pages\/1012\/revisions"}],"predecessor-version":[{"id":1132,"href":"https:\/\/picaplats.com\/index.php?rest_route=\/wp\/v2\/pages\/1012\/revisions\/1132"}],"wp:attachment":[{"href":"https:\/\/picaplats.com\/index.php?rest_route=%2Fwp%2Fv2%2Fmedia&parent=1012"}],"curies":[{"name":"wp","href":"https:\/\/api.w.org\/{rel}","templated":true}]}}